{"id":1040,"date":"2025-05-02T18:45:17","date_gmt":"2025-05-02T18:45:17","guid":{"rendered":"https:\/\/administralo.com\/?page_id=1040"},"modified":"2026-01-14T14:09:40","modified_gmt":"2026-01-14T14:09:40","slug":"promocionales","status":"publish","type":"page","link":"https:\/\/administralo.com\/en\/promocionales\/","title":{"rendered":"Art\u00edculo Promocionales"},"content":{"rendered":"<div class=\"wp-block-stackable-columns alignfull stk-block-columns stk-block stk-77a022b\" data-block-id=\"77a022b\"><div class=\"stk-row stk-inner-blocks stk-block-content stk-content-align stk-77a022b-column alignfull\">\n<div class=\"wp-block-stackable-column stk-block-column stk-column stk-block stk-d6b68a3\" data-v=\"4\" data-block-id=\"d6b68a3\"><div class=\"stk-column-wrapper stk-block-column__content stk-container stk-d6b68a3-container stk--no-background stk--no-padding\"><div class=\"stk-block-content stk-inner-blocks stk-d6b68a3-inner-blocks\">\n<div class=\"wp-block-stackable-columns stk-block-columns stk-block stk-db6c7f8 stk-block-background\" data-block-id=\"db6c7f8\"><style>.stk-db6c7f8 {background-color:var(--theme-palette-color-8, #000000) !important;}.stk-db6c7f8:before{background-color:var(--theme-palette-color-8, #000000) !important;}<\/style><div class=\"stk-row stk-inner-blocks stk-block-content stk-content-align stk-db6c7f8-column\">\n<div class=\"wp-block-stackable-column stk-block-column stk-column stk-block stk-e10ff42\" data-v=\"4\" data-block-id=\"e10ff42\"><div class=\"stk-column-wrapper stk-block-column__content stk-container stk-e10ff42-container stk--no-background stk--no-padding\"><div class=\"stk-block-content stk-inner-blocks stk-e10ff42-inner-blocks\">\n<div class=\"wp-block-stackable-heading alignfull stk-block-heading stk-block-heading--v2 stk-block stk-08e0958 animated zoomInDown\" id=\"strong-haz-que-te-strong\" data-block-id=\"08e0958\"><style>.stk-08e0958 {margin-bottom:9px !important;}.stk-08e0958 .stk-block-heading__text{font-size:26px !important;}@media screen and (max-width:999px){.stk-08e0958 .stk-block-heading__text{font-size:26px !important;}}<\/style><h2 class=\"stk-block-heading__text has-text-align-center\"><strong>Haz que te<\/strong><\/h2><\/div>\n\n\n\n<div class=\"wp-block-stackable-heading alignfull stk-block-heading stk-block-heading--v2 stk-block stk-a384163 animated fadeInLeft\" id=\"\u25cf-encuentren-\u25cf-prefieran-\u25cf-recuerden\" data-block-id=\"a384163\"><style>.stk-a384163 .stk-block-heading__top-line{height:4px !important;}.stk-a384163 {margin-top:-15px !important;margin-bottom:7px !important;}<\/style><h1 class=\"stk-block-heading__text has-text-align-center\">\u25cf Encuentren    \u25cf Prefieran       \u25cf Recuerden<\/h1><\/div>\n\n\n\n<div class=\"wp-block-stackable-heading alignfull stk-block-heading stk-block-heading--v2 stk-block stk-852179d animated backInUp\" id=\"creamos\" data-block-id=\"852179d\"><style>.stk-852179d {margin-top:-31px !important;margin-bottom:7px !important;}.stk-852179d .stk-block-heading__text{font-size:80px !important;color:#ef5a22 !important;}@media screen and (max-width:999px){.stk-852179d .stk-block-heading__text{font-size:50px !important;}}@media screen and (max-width:689px){.stk-852179d {margin-top:2px !important;}.stk-852179d .stk-block-heading__text{font-size:62px !important;}}<\/style><h2 class=\"stk-block-heading__text has-text-color has-text-align-center\">CREAMOS<\/h2><\/div>\n\n\n\n<div class=\"wp-block-stackable-heading stk-block-heading stk-block-heading--v2 stk-block stk-111040c\" id=\"\u25cf-\u25cf-\u25cf\" data-block-id=\"111040c\"><style>.stk-111040c {margin-top:-37px !important;}<\/style><h2 class=\"stk-block-heading__text has-text-align-center\">\u25cf  \u25cf  \u25cf<\/h2><\/div>\n<\/div><\/div><\/div>\n<\/div><\/div>\n<\/div><\/div><\/div>\n<\/div><\/div>\n\n\n\n<div class=\"wp-block-stackable-spacer stk-block-spacer stk--no-padding stk-block stk-a405d1b\" data-block-id=\"a405d1b\"><\/div>\n\n\n\n<div class=\"wp-block-stackable-columns alignfull stk-block-columns stk-block stk-096df10 stk-block-background stk--has-background-overlay\" data-block-id=\"096df10\"><style>.stk-096df10 {background-image:url(https:\/\/administralo.com\/wp-content\/uploads\/2025\/05\/fondo-circular-02-01.png) !important;}<\/style><div class=\"stk-row stk-inner-blocks stk-block-content stk-content-align stk-096df10-column alignfull\">\n<div class=\"wp-block-stackable-column stk-block-column stk-column stk-block stk-ae6d944\" data-v=\"4\" data-block-id=\"ae6d944\"><div class=\"stk-column-wrapper stk-block-column__content stk-container stk-ae6d944-container stk--no-background stk--no-padding\"><div class=\"stk-block-content stk-inner-blocks stk-ae6d944-inner-blocks\">\n<div class=\"wp-block-stackable-columns stk-block-columns stk-block stk-392a549\" data-block-id=\"392a549\"><div class=\"stk-row stk-inner-blocks stk-block-content stk-content-align stk-392a549-column\">\n<div class=\"wp-block-stackable-column stk-block-column stk-column stk-block stk-28d2ba9\" data-v=\"4\" data-block-id=\"28d2ba9\"><div class=\"stk-column-wrapper stk-block-column__content stk-container stk-28d2ba9-container stk--no-background stk--no-padding\"><div class=\"stk-block-content stk-inner-blocks stk-28d2ba9-inner-blocks\">\n<figure class=\"wp-block-image alignfull size-large animated slideInLeft delay-1s\" style=\"margin-top:var(--wp--preset--spacing--80);margin-right:0;margin-bottom:var(--wp--preset--spacing--80);margin-left:0\"><img loading=\"lazy\" decoding=\"async\" width=\"844\" height=\"1024\" src=\"https:\/\/administralo.com\/wp-content\/uploads\/2025\/05\/sublimar3simple-844x1024.png\" alt=\"dise\u00f1o gr\u00e1fico, diseno grafico, web, pagina web, redes sociales, app, aplicaciones, modelado 3D, modelado, 3D, 3#, arte finalista, volantes, flyers, Activaciones de Marcas y Eventos BTL, tarjeta de presentacion, tarjeta de presentaci\u00f3n, brochure, papeleria, papeler\u00eda, logotipo, logo, libro de marca, arte final, artes gr\u00e1ficas, artes, stand publicitario, cabecera de g\u00f3ndola, exhibidores, ferias, eventos, pre-prensa, dise\u00f1o final, floor display, exhibidores, Sublimado, sublimar, vaso, botella, camisa, gorra, lanyard, lapicero, paraguas, bolsas, vaso termo, vaso termico, gorra de maya, botella termica, botella termo, cotizar app, catozacion app,\" class=\"wp-image-1269\" srcset=\"https:\/\/administralo.com\/wp-content\/uploads\/2025\/05\/sublimar3simple-844x1024.png 844w, https:\/\/administralo.com\/wp-content\/uploads\/2025\/05\/sublimar3simple-247x300.png 247w, https:\/\/administralo.com\/wp-content\/uploads\/2025\/05\/sublimar3simple-768x932.png 768w, https:\/\/administralo.com\/wp-content\/uploads\/2025\/05\/sublimar3simple-1265x1536.png 1265w, https:\/\/administralo.com\/wp-content\/uploads\/2025\/05\/sublimar3simple-1687x2048.png 1687w, https:\/\/administralo.com\/wp-content\/uploads\/2025\/05\/sublimar3simple.png 1800w\" sizes=\"auto, (max-width: 844px) 100vw, 844px\" \/><\/figure>\n<\/div><\/div><\/div>\n\n\n\n<div class=\"wp-block-stackable-column stk-block-column stk-column stk-block stk-650268f stk-block-background\" data-v=\"4\" data-block-id=\"650268f\"><style>.stk-650268f {background-color:#340d4feb !important;}.stk-650268f:before{background-color:#340d4feb !important;}<\/style><div class=\"stk-column-wrapper stk-block-column__content stk-container stk-650268f-container stk--no-background stk--no-padding\"><div class=\"has-text-align-center stk-block-content stk-inner-blocks stk-650268f-inner-blocks\">\n<div class=\"wp-block-stackable-spacer stk-block-spacer stk--no-padding stk-block stk-8d3fa3c\" data-block-id=\"8d3fa3c\"><style>.stk-8d3fa3c {height:100px !important;}<\/style><\/div>\n\n\n\n<div class=\"wp-block-stackable-heading stk-block-heading stk-block-heading--v2 stk-block stk-674a056\" id=\"amamos-lo-que-hacemos-y-nos-apasiona-verte-crecer\" data-block-id=\"674a056\"><style>.stk-674a056 {margin-bottom:7px !important;}<\/style><h3 class=\"stk-block-heading__text has-text-align-center\">Amamos lo que hacemos y nos apasiona verte crecer.<\/h3><\/div>\n\n\n\n<div class=\"wp-block-stackable-spacer stk-block-spacer stk--no-padding stk-block stk-a54f9a9\" data-block-id=\"a54f9a9\"><style>.stk-a54f9a9 {height:50px !important;}<\/style><\/div>\n\n\n\n<div class=\"wp-block-stackable-text stk-block-text stk-block stk-be34354\" data-block-id=\"be34354\"><style>.stk-be34354 .stk-block-text__text{font-size:24px !important;color:var(--theme-palette-color-4, #ffffff) !important;}@media screen and (max-width:999px){.stk-be34354 .stk-block-text__text{font-size:24px !important;}}<\/style><p class=\"stk-block-text__text has-text-color has-text-align-justify\">Una <strong>app (aplicaci\u00f3n m\u00f3vil o web)<\/strong> es una herramienta digital dise\u00f1ada para facilitar tareas, mejorar la experiencia del usuario y optimizar procesos dentro de una empresa o servicio, accesible desde dispositivos m\u00f3viles o navegadores web.<\/p><\/div>\n<\/div><\/div><\/div>\n<\/div><\/div>\n<\/div><\/div><\/div>\n<\/div><\/div>\n\n\n\n<div class=\"wp-block-stackable-heading stk-block-heading stk-block-heading--v2 stk-block stk-d6f63a3\" id=\"nos-apasiona-lo-que-hacemos\" data-block-id=\"d6f63a3\"><style>.stk-d6f63a3 .stk-block-heading__text{font-size:53px !important;}@media screen and (max-width:999px){.stk-d6f63a3 .stk-block-heading__text{font-size:50px !important;}}<\/style><h1 class=\"stk-block-heading__text has-text-align-center\">\u00a1Nos apasiona lo que hacemos!<\/h1><\/div>\n\n\n\n<div class=\"wp-block-stackable-text stk-block-text stk-block stk-d36aab8\" data-block-id=\"d36aab8\"><style>.stk-d36aab8 .stk-block-text__text{font-size:26px !important;color:var(--theme-palette-color-1, #ff5e00) !important;}@media screen and (max-width:999px){.stk-d36aab8 .stk-block-text__text{font-size:26px !important;}}<\/style><p class=\"stk-block-text__text has-text-color has-text-align-center\">Por eso dise\u00f1amos <strong>estrategias personalizadas<\/strong>, con un <strong>equipo multidisciplinario<\/strong> <\/p><\/div>\n\n\n\n<div class=\"wp-block-stackable-heading alignfull stk-block-heading stk-block-heading--v2 stk-block stk-2e3664c\" id=\"strong-haz-que-cada-accion-cuente-strong\" data-block-id=\"2e3664c\"><h2 class=\"stk-block-heading__text has-text-align-center\"><strong>Haz que cada acci\u00f3n cuente.<\/strong><\/h2><\/div>\n\n\n\n<div class=\"wp-block-stackable-heading alignfull stk-block-heading stk-block-heading--v2 stk-block stk-dc8e0a3\" id=\"vamos-a-crear-algo-increible-juntos\" data-block-id=\"dc8e0a3\"><style>.stk-dc8e0a3 .stk-block-heading__text{color:var(--theme-palette-color-1, #ff5e00) !important;}<\/style><h1 class=\"stk-block-heading__text has-text-color has-text-align-center\">\u00a1Vamos a crear algo incre\u00edble juntos!<\/h1><\/div>","protected":false},"excerpt":{"rendered":"<p>Haz que te \u25cf Encuentren \u25cf Prefieran \u25cf Recuerden CREAMOS \u25cf \u25cf \u25cf Amamos lo que hacemos y nos apasiona verte crecer. Una app (aplicaci\u00f3n m\u00f3vil o web) es una herramienta digital dise\u00f1ada para facilitar tareas, mejorar la experiencia del usuario y optimizar procesos dentro de una empresa o servicio, accesible desde dispositivos m\u00f3viles o [&hellip;]<\/p>\n","protected":false},"author":1,"featured_media":0,"parent":0,"menu_order":0,"comment_status":"closed","ping_status":"closed","template":"","meta":{"footnotes":""},"class_list":["post-1040","page","type-page","status-publish","hentry"],"blocksy_meta":[],"aioseo_notices":[],"yoast_head":"<!-- This site is optimized with the Yoast SEO plugin v26.8 - https:\/\/yoast.com\/product\/yoast-seo-wordpress\/ -->\n<title>Art\u00edculo Promocionales - administralo.com<\/title>\n<meta name=\"robots\" content=\"index, follow, max-snippet:-1, max-image-preview:large, max-video-preview:-1\" \/>\n<link rel=\"canonical\" href=\"https:\/\/administralo.com\/en\/promocionales\/\" \/>\n<meta property=\"og:locale\" content=\"en_GB\" \/>\n<meta property=\"og:type\" content=\"article\" \/>\n<meta property=\"og:title\" content=\"Art\u00edculo Promocionales - administralo.com\" \/>\n<meta property=\"og:description\" content=\"Haz que te \u25cf Encuentren \u25cf Prefieran \u25cf Recuerden CREAMOS \u25cf \u25cf \u25cf Amamos lo que hacemos y nos apasiona verte crecer. Una app (aplicaci\u00f3n m\u00f3vil o web) es una herramienta digital dise\u00f1ada para facilitar tareas, mejorar la experiencia del usuario y optimizar procesos dentro de una empresa o servicio, accesible desde dispositivos m\u00f3viles o [&hellip;]\" \/>\n<meta property=\"og:url\" content=\"https:\/\/administralo.com\/en\/promocionales\/\" \/>\n<meta property=\"og:site_name\" content=\"administralo.com\" \/>\n<meta property=\"article:modified_time\" content=\"2026-01-14T14:09:40+00:00\" \/>\n<meta property=\"og:image\" content=\"https:\/\/administralo.com\/wp-content\/uploads\/2025\/05\/sublimar3simple-844x1024.png\" \/>\n\t<meta property=\"og:image:width\" content=\"844\" \/>\n\t<meta property=\"og:image:height\" content=\"1024\" \/>\n\t<meta property=\"og:image:type\" content=\"image\/png\" \/>\n<meta name=\"twitter:card\" content=\"summary_large_image\" \/>\n<script type=\"application\/ld+json\" class=\"yoast-schema-graph\">{\"@context\":\"https:\/\/schema.org\",\"@graph\":[{\"@type\":\"WebPage\",\"@id\":\"https:\/\/administralo.com\/promocionales\/\",\"url\":\"https:\/\/administralo.com\/promocionales\/\",\"name\":\"Art\u00edculo Promocionales - administralo.com\",\"isPartOf\":{\"@id\":\"https:\/\/administralo.com\/#website\"},\"primaryImageOfPage\":{\"@id\":\"https:\/\/administralo.com\/promocionales\/#primaryimage\"},\"image\":{\"@id\":\"https:\/\/administralo.com\/promocionales\/#primaryimage\"},\"thumbnailUrl\":\"https:\/\/administralo.com\/wp-content\/uploads\/2025\/05\/sublimar3simple-844x1024.png\",\"datePublished\":\"2025-05-02T18:45:17+00:00\",\"dateModified\":\"2026-01-14T14:09:40+00:00\",\"breadcrumb\":{\"@id\":\"https:\/\/administralo.com\/promocionales\/#breadcrumb\"},\"inLanguage\":\"en-GB\",\"potentialAction\":[{\"@type\":\"ReadAction\",\"target\":[\"https:\/\/administralo.com\/promocionales\/\"]}]},{\"@type\":\"ImageObject\",\"inLanguage\":\"en-GB\",\"@id\":\"https:\/\/administralo.com\/promocionales\/#primaryimage\",\"url\":\"https:\/\/administralo.com\/wp-content\/uploads\/2025\/05\/sublimar3simple-844x1024.png\",\"contentUrl\":\"https:\/\/administralo.com\/wp-content\/uploads\/2025\/05\/sublimar3simple-844x1024.png\"},{\"@type\":\"BreadcrumbList\",\"@id\":\"https:\/\/administralo.com\/promocionales\/#breadcrumb\",\"itemListElement\":[{\"@type\":\"ListItem\",\"position\":1,\"name\":\"Home\",\"item\":\"https:\/\/administralo.com\/\"},{\"@type\":\"ListItem\",\"position\":2,\"name\":\"Art\u00edculo Promocionales\"}]},{\"@type\":\"WebSite\",\"@id\":\"https:\/\/administralo.com\/#website\",\"url\":\"https:\/\/administralo.com\/\",\"name\":\"administralo.com\",\"description\":\"Software |  App | Dise\u00f1o Gr\u00e1fico | P\u00e1gina WEB | Redes Sociales | Modelado 3D | Art\u00edculos Promocionales  | Audio Video\",\"publisher\":{\"@id\":\"https:\/\/administralo.com\/#organization\"},\"potentialAction\":[{\"@type\":\"SearchAction\",\"target\":{\"@type\":\"EntryPoint\",\"urlTemplate\":\"https:\/\/administralo.com\/?s={search_term_string}\"},\"query-input\":{\"@type\":\"PropertyValueSpecification\",\"valueRequired\":true,\"valueName\":\"search_term_string\"}}],\"inLanguage\":\"en-GB\"},{\"@type\":\"Organization\",\"@id\":\"https:\/\/administralo.com\/#organization\",\"name\":\"administralo.com\",\"url\":\"https:\/\/administralo.com\/\",\"logo\":{\"@type\":\"ImageObject\",\"inLanguage\":\"en-GB\",\"@id\":\"https:\/\/administralo.com\/#\/schema\/logo\/image\/\",\"url\":\"https:\/\/administralo.com\/wp-content\/uploads\/2025\/04\/logo-hori-adm-01.png\",\"contentUrl\":\"https:\/\/administralo.com\/wp-content\/uploads\/2025\/04\/logo-hori-adm-01.png\",\"width\":1198,\"height\":151,\"caption\":\"administralo.com\"},\"image\":{\"@id\":\"https:\/\/administralo.com\/#\/schema\/logo\/image\/\"}}]}<\/script>\n<!-- \/ Yoast SEO plugin. -->","yoast_head_json":{"title":"Art\u00edculo Promocionales - administralo.com","robots":{"index":"index","follow":"follow","max-snippet":"max-snippet:-1","max-image-preview":"max-image-preview:large","max-video-preview":"max-video-preview:-1"},"canonical":"https:\/\/administralo.com\/en\/promocionales\/","og_locale":"en_GB","og_type":"article","og_title":"Art\u00edculo Promocionales - administralo.com","og_description":"Haz que te \u25cf Encuentren \u25cf Prefieran \u25cf Recuerden CREAMOS \u25cf \u25cf \u25cf Amamos lo que hacemos y nos apasiona verte crecer. Una app (aplicaci\u00f3n m\u00f3vil o web) es una herramienta digital dise\u00f1ada para facilitar tareas, mejorar la experiencia del usuario y optimizar procesos dentro de una empresa o servicio, accesible desde dispositivos m\u00f3viles o [&hellip;]","og_url":"https:\/\/administralo.com\/en\/promocionales\/","og_site_name":"administralo.com","article_modified_time":"2026-01-14T14:09:40+00:00","og_image":[{"width":844,"height":1024,"url":"https:\/\/administralo.com\/wp-content\/uploads\/2025\/05\/sublimar3simple-844x1024.png","type":"image\/png"}],"twitter_card":"summary_large_image","schema":{"@context":"https:\/\/schema.org","@graph":[{"@type":"WebPage","@id":"https:\/\/administralo.com\/promocionales\/","url":"https:\/\/administralo.com\/promocionales\/","name":"Art\u00edculo Promocionales - administralo.com","isPartOf":{"@id":"https:\/\/administralo.com\/#website"},"primaryImageOfPage":{"@id":"https:\/\/administralo.com\/promocionales\/#primaryimage"},"image":{"@id":"https:\/\/administralo.com\/promocionales\/#primaryimage"},"thumbnailUrl":"https:\/\/administralo.com\/wp-content\/uploads\/2025\/05\/sublimar3simple-844x1024.png","datePublished":"2025-05-02T18:45:17+00:00","dateModified":"2026-01-14T14:09:40+00:00","breadcrumb":{"@id":"https:\/\/administralo.com\/promocionales\/#breadcrumb"},"inLanguage":"en-GB","potentialAction":[{"@type":"ReadAction","target":["https:\/\/administralo.com\/promocionales\/"]}]},{"@type":"ImageObject","inLanguage":"en-GB","@id":"https:\/\/administralo.com\/promocionales\/#primaryimage","url":"https:\/\/administralo.com\/wp-content\/uploads\/2025\/05\/sublimar3simple-844x1024.png","contentUrl":"https:\/\/administralo.com\/wp-content\/uploads\/2025\/05\/sublimar3simple-844x1024.png"},{"@type":"BreadcrumbList","@id":"https:\/\/administralo.com\/promocionales\/#breadcrumb","itemListElement":[{"@type":"ListItem","position":1,"name":"Home","item":"https:\/\/administralo.com\/"},{"@type":"ListItem","position":2,"name":"Art\u00edculo Promocionales"}]},{"@type":"WebSite","@id":"https:\/\/administralo.com\/#website","url":"https:\/\/administralo.com\/","name":"administralo.com","description":"Software |  App | Dise\u00f1o Gr\u00e1fico | P\u00e1gina WEB | Redes Sociales | Modelado 3D | Art\u00edculos Promocionales  | Audio Video","publisher":{"@id":"https:\/\/administralo.com\/#organization"},"potentialAction":[{"@type":"SearchAction","target":{"@type":"EntryPoint","urlTemplate":"https:\/\/administralo.com\/?s={search_term_string}"},"query-input":{"@type":"PropertyValueSpecification","valueRequired":true,"valueName":"search_term_string"}}],"inLanguage":"en-GB"},{"@type":"Organization","@id":"https:\/\/administralo.com\/#organization","name":"administralo.com","url":"https:\/\/administralo.com\/","logo":{"@type":"ImageObject","inLanguage":"en-GB","@id":"https:\/\/administralo.com\/#\/schema\/logo\/image\/","url":"https:\/\/administralo.com\/wp-content\/uploads\/2025\/04\/logo-hori-adm-01.png","contentUrl":"https:\/\/administralo.com\/wp-content\/uploads\/2025\/04\/logo-hori-adm-01.png","width":1198,"height":151,"caption":"administralo.com"},"image":{"@id":"https:\/\/administralo.com\/#\/schema\/logo\/image\/"}}]}},"_links":{"self":[{"href":"https:\/\/administralo.com\/en\/wp-json\/wp\/v2\/pages\/1040","targetHints":{"allow":["GET"]}}],"collection":[{"href":"https:\/\/administralo.com\/en\/wp-json\/wp\/v2\/pages"}],"about":[{"href":"https:\/\/administralo.com\/en\/wp-json\/wp\/v2\/types\/page"}],"author":[{"embeddable":true,"href":"https:\/\/administralo.com\/en\/wp-json\/wp\/v2\/users\/1"}],"replies":[{"embeddable":true,"href":"https:\/\/administralo.com\/en\/wp-json\/wp\/v2\/comments?post=1040"}],"version-history":[{"count":4,"href":"https:\/\/administralo.com\/en\/wp-json\/wp\/v2\/pages\/1040\/revisions"}],"predecessor-version":[{"id":1308,"href":"https:\/\/administralo.com\/en\/wp-json\/wp\/v2\/pages\/1040\/revisions\/1308"}],"wp:attachment":[{"href":"https:\/\/administralo.com\/en\/wp-json\/wp\/v2\/media?parent=1040"}],"curies":[{"name":"wp","href":"https:\/\/api.w.org\/{rel}","templated":true}]}}